{"id":61,"date":"2019-10-26T22:46:11","date_gmt":"2019-10-26T19:46:11","guid":{"rendered":"http:\/\/www.kainuunmoottorikerho.fi\/etusivu\/?page_id=61"},"modified":"2025-01-26T19:05:41","modified_gmt":"2025-01-26T17:05:41","slug":"santamaki","status":"publish","type":"page","link":"https:\/\/www.kainuunmoottorikerho.fi\/etusivu\/santamaki\/","title":{"rendered":"Santam\u00e4ki"},"content":{"rendered":"\r\n\r\n\r\n<p><strong>TERVETULOA SANTAM\u00c4EN<\/strong> <strong>MOOTTORIRADOILLE!<\/strong><br \/><br \/><\/p>\r\n<p>Rata-alueen aukioloajat klo 9-21 joka p\u00e4iv\u00e4.<\/p>\r\n<p>Alueella on mahdollista harrastaa seuraavia lajeja:<\/p>\r\n<ul>\r\n<li>Motocross- ja\u00a0lasten rata<\/li>\r\n<li>Monipuolinen enduroreitist\u00f6 sek\u00e4 talvispoori<\/li>\r\n<li>Snowcross \/ Wintage Snowcross<\/li>\r\n<li>Mk-Sprint<\/li>\r\n<li>J\u00e4\u00e4rata<\/li>\r\n<\/ul>\r\n<p><strong>HUOMIO TALVIK\u00c4YTT\u00c4J\u00c4T!<\/strong><\/p>\r\n<p><strong>Spoori<\/strong>n alusta l\u00f6ytyy suuntanuoli, jonka perusteella tied\u00e4t mihin suuntaan muut mahdollisesti alueella jo olevat kuljettajat ajavat.\u00a0<\/p>\r\n<p><strong>MK-Sprint<\/strong> radalla ja talvispoorilla on molemmissa uusia reittilinjauksia, aja ensimm\u00e4iset kierrokset varoen ja tutustu reittiin.\u00a0<\/p>\r\n<p><strong>Lumicross<\/strong> py\u00f6rille mahdollista nk. lastenradan paikalla.<\/p>\r\n\r\n\r\n\r\n\r\n\r\n\r\n\r\n\r\n\r\n\r\n\r\n\r\n","protected":false},"excerpt":{"rendered":"<p>TERVETULOA SANTAM\u00c4EN MOOTTORIRADOILLE! Rata-alueen aukioloajat klo 9-21 joka p\u00e4iv\u00e4. Alueella on mahdollista harrastaa seuraavia lajeja: Motocross- ja\u00a0lasten rata Monipuolinen enduroreitist\u00f6 sek\u00e4 talvispoori Snowcross \/ Wintage Snowcross Mk-Sprint J\u00e4\u00e4rata HUOMIO TALVIK\u00c4YTT\u00c4J\u00c4T! Spoorin alusta l\u00f6ytyy suuntanuoli, jonka perusteella tied\u00e4t mihin suuntaan muut mahdollisesti alueella jo olevat kuljettajat ajavat.\u00a0 MK-Sprint radalla ja talvispoorilla on molemmissa uusia reittilinjauksia, aja &hellip; <\/p>\n<p class=\"link-more\"><a href=\"https:\/\/www.kainuunmoottorikerho.fi\/etusivu\/santamaki\/\" class=\"more-link\">Jatka lukemista<span class=\"screen-reader-text\"> &#8221;Santam\u00e4ki&#8221;<\/span><\/a><\/p>\n","protected":false},"author":1,"featured_media":0,"parent":0,"menu_order":16,"comment_status":"closed","ping_status":"closed","template":"","meta":{"footnotes":""},"class_list":["post-61","page","type-page","status-publish","hentry"],"_links":{"self":[{"href":"https:\/\/www.kainuunmoottorikerho.fi\/etusivu\/wp-json\/wp\/v2\/pages\/61","targetHints":{"allow":["GET"]}}],"collection":[{"href":"https:\/\/www.kainuunmoottorikerho.fi\/etusivu\/wp-json\/wp\/v2\/pages"}],"about":[{"href":"https:\/\/www.kainuunmoottorikerho.fi\/etusivu\/wp-json\/wp\/v2\/types\/page"}],"author":[{"embeddable":true,"href":"https:\/\/www.kainuunmoottorikerho.fi\/etusivu\/wp-json\/wp\/v2\/users\/1"}],"replies":[{"embeddable":true,"href":"https:\/\/www.kainuunmoottorikerho.fi\/etusivu\/wp-json\/wp\/v2\/comments?post=61"}],"version-history":[{"count":10,"href":"https:\/\/www.kainuunmoottorikerho.fi\/etusivu\/wp-json\/wp\/v2\/pages\/61\/revisions"}],"predecessor-version":[{"id":408,"href":"https:\/\/www.kainuunmoottorikerho.fi\/etusivu\/wp-json\/wp\/v2\/pages\/61\/revisions\/408"}],"wp:attachment":[{"href":"https:\/\/www.kainuunmoottorikerho.fi\/etusivu\/wp-json\/wp\/v2\/media?parent=61"}],"curies":[{"name":"wp","href":"https:\/\/api.w.org\/{rel}","templated":true}]}}