{"id":20,"date":"2019-02-07T17:33:43","date_gmt":"2019-02-07T15:33:43","guid":{"rendered":"http:\/\/www.kainuunmoottorikerho.fi\/etusivu\/?page_id=20"},"modified":"2025-10-30T20:17:55","modified_gmt":"2025-10-30T18:17:55","slug":"jaseneksi","status":"publish","type":"page","link":"https:\/\/www.kainuunmoottorikerho.fi\/etusivu\/jaseneksi\/","title":{"rendered":"J\u00e4seneksi"},"content":{"rendered":"\r\n<h1><strong>Hae j\u00e4seneksi <a href=\"https:\/\/motti.moottoriliitto.fi\/sml\/fi\/onlineApplication\/c8ba2e05-24d1-4625-b779-d0f54f47f103\" target=\"_blank\" rel=\"noopener\">t\u00e4\u00e4lt\u00e4<\/a>!<\/strong><\/h1>\r\n<p>Linkist\u00e4 (<a href=\"https:\/\/motti.moottoriliitto.fi\/sml\/fi\/onlineApplication\/c8ba2e05-24d1-4625-b779-d0f54f47f103\">t\u00e4st\u00e4<\/a>) p\u00e4\u00e4set suoraan SML:n Motti-j\u00e4rjestelm\u00e4\u00e4n sy\u00f6tt\u00e4m\u00e4\u00e4n omat tietosi.<\/p>\r\n<p>K\u00e4yt\u00e4mme Mottia j\u00e4senrekisterin\u00e4mme, joten vaikka p\u00e4\u00e4asiallinen lajisi on jonkun muun yhdistyksen kautta (esim. AKK, SMK ry..), on tiedot tallennettava Mottiin.<\/p>\r\n<p>Tietojen sy\u00f6tt\u00e4misen j\u00e4lkeen l\u00e4het\u00e4mme sinulle j\u00e4senmaksun tulemaan j\u00e4rjestelm\u00e4\u00e4n ilmoittamaasi s\u00e4hk\u00f6postiosoitteeseen.<br \/><br \/>Vuosittainen j\u00e4senmaksu tulee maksettavaksi aina alkavan vuoden tammikuun aikana.<\/p>\r\n<h2><strong>J\u00c4SENMAKSUT 2026<\/strong><\/h2>\r\n\r\n\r\n\r\n<p>Aikuiset 50\u20ac<br \/>Nuoret 25\u20ac (sis. ratamaksut) &#8211; Nuorisoj\u00e4senyys on voimassa koko sen vuoden kun j\u00e4sen t\u00e4ytt\u00e4\u00e4 12 vuotta.<br \/>Kannatusj\u00e4senmaksu 30\u20ac<br \/>Yrityskummiksi? &#8211; Kysy lis\u00e4\u00e4, yhteystiedot <a href=\"https:\/\/www.kainuunmoottorikerho.fi\/etusivu\/yhteystiedot\/\">t\u00e4\u00e4ll\u00e4<\/a>.<\/p>\r\n\r\n\r\n\r\n<h2><strong>RATAMAKSUT<\/strong><\/h2>\r\n<p>Katso lis\u00e4tiedot ratamaksuista <a href=\"https:\/\/www.kainuunmoottorikerho.fi\/etusivu\/santamaki\/ratamaksut\/\">t\u00e4\u00e4lt\u00e4<\/a>.<\/p>\r\n<h2><strong>MAKSUTAVAT<\/strong><\/h2>\r\n<p>Ty\u00f6nantajien liikuntaedut: Smartum, Epassi ja Edenred<\/p>\r\n<p>Maksu pankkitilille: kysy maksutiedot kerhon sihteerilt\u00e4.\u00a0<\/p>\r\n\r\n\r\n\r\n<p>&nbsp;<\/p>\r\n","protected":false},"excerpt":{"rendered":"<p>Hae j\u00e4seneksi t\u00e4\u00e4lt\u00e4! Linkist\u00e4 (t\u00e4st\u00e4) p\u00e4\u00e4set suoraan SML:n Motti-j\u00e4rjestelm\u00e4\u00e4n sy\u00f6tt\u00e4m\u00e4\u00e4n omat tietosi. K\u00e4yt\u00e4mme Mottia j\u00e4senrekisterin\u00e4mme, joten vaikka p\u00e4\u00e4asiallinen lajisi on jonkun muun yhdistyksen kautta (esim. AKK, SMK ry..), on tiedot tallennettava Mottiin. Tietojen sy\u00f6tt\u00e4misen j\u00e4lkeen l\u00e4het\u00e4mme sinulle j\u00e4senmaksun tulemaan j\u00e4rjestelm\u00e4\u00e4n ilmoittamaasi s\u00e4hk\u00f6postiosoitteeseen. Vuosittainen j\u00e4senmaksu tulee maksettavaksi aina alkavan vuoden tammikuun aikana. J\u00c4SENMAKSUT 2026 Aikuiset 50\u20acNuoret &hellip; <\/p>\n<p class=\"link-more\"><a href=\"https:\/\/www.kainuunmoottorikerho.fi\/etusivu\/jaseneksi\/\" class=\"more-link\">Jatka lukemista<span class=\"screen-reader-text\"> &#8221;J\u00e4seneksi&#8221;<\/span><\/a><\/p>\n","protected":false},"author":1,"featured_media":0,"parent":0,"menu_order":14,"comment_status":"closed","ping_status":"closed","template":"","meta":{"footnotes":""},"class_list":["post-20","page","type-page","status-publish","hentry"],"_links":{"self":[{"href":"https:\/\/www.kainuunmoottorikerho.fi\/etusivu\/wp-json\/wp\/v2\/pages\/20","targetHints":{"allow":["GET"]}}],"collection":[{"href":"https:\/\/www.kainuunmoottorikerho.fi\/etusivu\/wp-json\/wp\/v2\/pages"}],"about":[{"href":"https:\/\/www.kainuunmoottorikerho.fi\/etusivu\/wp-json\/wp\/v2\/types\/page"}],"author":[{"embeddable":true,"href":"https:\/\/www.kainuunmoottorikerho.fi\/etusivu\/wp-json\/wp\/v2\/users\/1"}],"replies":[{"embeddable":true,"href":"https:\/\/www.kainuunmoottorikerho.fi\/etusivu\/wp-json\/wp\/v2\/comments?post=20"}],"version-history":[{"count":16,"href":"https:\/\/www.kainuunmoottorikerho.fi\/etusivu\/wp-json\/wp\/v2\/pages\/20\/revisions"}],"predecessor-version":[{"id":1910,"href":"https:\/\/www.kainuunmoottorikerho.fi\/etusivu\/wp-json\/wp\/v2\/pages\/20\/revisions\/1910"}],"wp:attachment":[{"href":"https:\/\/www.kainuunmoottorikerho.fi\/etusivu\/wp-json\/wp\/v2\/media?parent=20"}],"curies":[{"name":"wp","href":"https:\/\/api.w.org\/{rel}","templated":true}]}}