{"id":376,"date":"2023-11-18T11:14:48","date_gmt":"2023-11-18T09:14:48","guid":{"rendered":"https:\/\/www.kainuunmoottorikerho.fi\/etusivu\/?page_id=376"},"modified":"2024-11-14T21:17:40","modified_gmt":"2024-11-14T19:17:40","slug":"kerhosta","status":"publish","type":"page","link":"http:\/\/www.kainuunmoottorikerho.fi\/etusivu\/kerhosta\/","title":{"rendered":"Kerhosta"},"content":{"rendered":"<p><em><strong>Hallitus 2025:<\/strong><\/em><br \/>\nTimo Roininen, puheenjohtaja<br \/>\nSara Waenerberg, sihteeri<br \/>\nJusa Mononen, rahastonhoitaja<\/p>\n<p>Joonas Helppi, motocross<br \/>\nJuuso Marin, enduro<br \/>\nMikko Witikka, moottorikelkkalajit<br \/>\nKimmo Mylly, j\u00e4\u00e4rata- ja junioritoiminta<br \/>\nMika Juntunen, autoilulajit<\/p>\n<p>Mediavastaavat, Heikki H\u00e4yrynen ja Teemu Laatikainen<\/p>\n","protected":false},"excerpt":{"rendered":"<p>Hallitus 2025: Timo Roininen, puheenjohtaja Sara Waenerberg, sihteeri Jusa Mononen, rahastonhoitaja Joonas Helppi, motocross Juuso Marin, enduro Mikko Witikka, moottorikelkkalajit Kimmo Mylly, j\u00e4\u00e4rata- ja junioritoiminta Mika Juntunen, autoilulajit Mediavastaavat, Heikki H\u00e4yrynen ja Teemu Laatikainen<\/p>\n","protected":false},"author":1,"featured_media":0,"parent":0,"menu_order":17,"comment_status":"closed","ping_status":"closed","template":"","meta":{"footnotes":""},"class_list":["post-376","page","type-page","status-publish","hentry"],"_links":{"self":[{"href":"http:\/\/www.kainuunmoottorikerho.fi\/etusivu\/wp-json\/wp\/v2\/pages\/376","targetHints":{"allow":["GET"]}}],"collection":[{"href":"http:\/\/www.kainuunmoottorikerho.fi\/etusivu\/wp-json\/wp\/v2\/pages"}],"about":[{"href":"http:\/\/www.kainuunmoottorikerho.fi\/etusivu\/wp-json\/wp\/v2\/types\/page"}],"author":[{"embeddable":true,"href":"http:\/\/www.kainuunmoottorikerho.fi\/etusivu\/wp-json\/wp\/v2\/users\/1"}],"replies":[{"embeddable":true,"href":"http:\/\/www.kainuunmoottorikerho.fi\/etusivu\/wp-json\/wp\/v2\/comments?post=376"}],"version-history":[{"count":5,"href":"http:\/\/www.kainuunmoottorikerho.fi\/etusivu\/wp-json\/wp\/v2\/pages\/376\/revisions"}],"predecessor-version":[{"id":399,"href":"http:\/\/www.kainuunmoottorikerho.fi\/etusivu\/wp-json\/wp\/v2\/pages\/376\/revisions\/399"}],"wp:attachment":[{"href":"http:\/\/www.kainuunmoottorikerho.fi\/etusivu\/wp-json\/wp\/v2\/media?parent=376"}],"curies":[{"name":"wp","href":"https:\/\/api.w.org\/{rel}","templated":true}]}}